{"id":692,"date":"2023-06-21T14:33:52","date_gmt":"2023-06-21T14:33:52","guid":{"rendered":"https:\/\/asesorempresas.auditecnic.es\/?page_id=692"},"modified":"2023-07-18T09:17:55","modified_gmt":"2023-07-18T09:17:55","slug":"politica-de-privacidad","status":"publish","type":"page","link":"https:\/\/asesoriaempresamadrid.es\/en\/privacy-policy\/","title":{"rendered":"Privacy policy"},"content":{"rendered":"<p class=\"qtranxs-available-languages-message qtranxs-available-languages-message-en\">Sorry, this entry is only available in <a href=\"https:\/\/asesoriaempresamadrid.es\/es\/wp-json\/wp\/v2\/pages\/692\" class=\"qtranxs-available-language-link qtranxs-available-language-link-es\" title=\"Espa\u00f1ol\">European Spanish<\/a>.<\/p><p>A continuaci\u00f3n, se expone la siguiente Pol\u00edtica de Privacidad conforme al nuevo Reglamento General de Protecci\u00f3n de Datos, con marco normativo establecido por el Reglamento Europeo 2016\/679, de 27 de abril, ya vigente desde mayo de 2016 y con fecha de aplicaci\u00f3n el 25 de mayo de 2018.<\/p>\n<h4>1. INTRODUCCION<\/h4>\n<p>En Grupo AUDITECNIC CIF: B-83876300, CIF: B88009824 respetamos los derechos y las libertades de las personas, entre los que se encuentra el derecho fundamental a la protecci\u00f3n de los datos de car\u00e1cter personal.<\/p>\n<p>Se establecen unas pautas comunes de comportamiento a todas nuestras empresas para:<\/p>\n<ul>\n<li>Proteger la confidencialidad de la informaci\u00f3n de car\u00e1cter personal que nos ha sido confiada, sea de clientes, empleados o proveedores.<\/li>\n<li>Facilitar a los interesados informaci\u00f3n relevante sobre c\u00f3mo usamos y almacenamos sus datos personales.<\/li>\n<li>Informar sobre el modo de acceder y corregir los datos que manejamos.<\/li>\n<li>Mantener todos los datos personales con las medidas de seguridad adecuadas. Si en alg\u00fan momento esta seguridad se ve comprometida, actuamos de forma r\u00e1pida y responsable.<\/li>\n<\/ul>\n<p>La Pol\u00edtica de Privacidad nace con el objetivo de fortalecer la confianza digital de nuestros interesados, en especial de nuestros empleados, clientes y proveedores. En ella se establece la forma en que deben comportarse los empleados y terceros con los que tenemos relaci\u00f3n sobre la protecci\u00f3n de la privacidad de todas aquellas personas que nos conf\u00edan su informaci\u00f3n.<\/p>\n<h4>2. OBJETIVO<\/h4>\n<p>Esta Pol\u00edtica tiene como objeto establecer y regular los principios que rigen en Grupo AUDITECNIC en la protecci\u00f3n de la privacidad de todas aquellas personas que nos conf\u00edan su informaci\u00f3n.<\/p>\n<h4>3. INFORMACI\u00d3N PROCESADA POR AUDITECNIC SL.<\/h4>\n<p>Grupo AUDITECNIC recoge y utiliza muchos tipos de informaci\u00f3n procedentes de un amplio rango de fuentes para diferentes prop\u00f3sitos. Entre ellos se encuentran incluidos, pero no limitados, a los siguientes:<\/p>\n<h5>3.1 Prop\u00f3sito de la recogida de informaci\u00f3n:<\/h5>\n<p>Promover y prestar los servicios contratados, siempre salvaguardando la privacidad de los interesados. Seleccionar y gestionar a nuestros empleados y colaboradores.<\/p>\n<p>Eventualmente, recoger informaci\u00f3n con otros fines, que ser\u00e1 comunicado de forma simple y transparente, dando siempre al cliente la posibilidad de oponerse a los nuevos tratamientos, siempre de acuerdo con la legislaci\u00f3n aplicable.<\/p>\n<h5>3.2 C\u00f3mo recogemos la informaci\u00f3n:<\/h5>\n<p>Identificamos y recogemos informaci\u00f3n personal de los interesados entre otros, cuando se dan de alta o usan nuestros productos, servicios y aplicaciones, cuando acceden a nuestros sitios web, env\u00edan consultas o comunican incidencias y cuando participan en estudios de investigaci\u00f3n de mercado, as\u00ed como de fuentes accesibles al p\u00fablico.<\/p>\n<h5>3.3 Tipos de informaci\u00f3n procesada:<\/h5>\n<p>Tratamos la informaci\u00f3n necesaria para poder prestar y mejorar nuestros productos y servicios, ajustar la oferta de productos y servicios a sus necesidades e identificar potenciales servicios de inter\u00e9s para nuestros interesados.<\/p>\n<h4>4. TRANSPARENCIA Y ELECCI\u00d3N EN LA UTILIZACI\u00d3N DE LA INFORMACI\u00d3N PERSONAL<\/h4>\n<p>Nos comprometemos a informar a los interesados de forma clara y sencilla sobre los datos que recogemos y c\u00f3mo los utilizamos.<br \/>\nInformamos, de forma transparente, del uso de los datos para otros fines diferentes a los comunicados en el momento de su recogida, y obtenemos, en su caso, su consentimiento informado conforme a la legislaci\u00f3n vigente.<\/p>\n<p>Obtenemos de los interesados el consentimiento, exigido en cada caso por la legislaci\u00f3n vigente, antes de tratar sus datos personales para enviarles informaci\u00f3n comercial que no est\u00e9 relacionada con los servicios que han contratado.<\/p>\n<h4>5. DERECHO DE ACCESO, RECTIFICACI\u00d3N, OPOSICI\u00d3N Y CANCELACI\u00d3N DE LA INFORMACI\u00d3N PERSONAL<\/h4>\n<p>Informamos a los interesados sobre c\u00f3mo pueden acceder a sus datos o corregirlos. As\u00ed mismo informamos sobre c\u00f3mo pueden solicitar su cancelaci\u00f3n u oponerse a su tratamiento.<br \/>\nLa forma en que los interesados pueden ejercer sus derechos de acceso, rectificaci\u00f3n, cancelaci\u00f3n y oposici\u00f3n, est\u00e1 indicada a continuaci\u00f3n:<\/p>\n<h5>5.1 CANAL PARA EJERCER LOS DERECHOS DE LOS INTERESADOS<\/h5>\n<ul>\n<li>Cualquier canal de comunicaci\u00f3n.<\/li>\n<li>V\u00eda correo electr\u00f3nico (preferentemente) a info@auditecnic.es<\/li>\n<\/ul>\n<h5>5.2 TIEMPO DE RESPUESTA A UNA SOLICITUD.<\/h5>\n<ul>\n<li>30 d\u00edas.<\/li>\n<li>Posibilidad de pr\u00f3rroga de 60 d\u00edas.<\/li>\n<\/ul>\n<h5>5.3 INFORMACION NECESARIA A APORTAR POR EL INTERESADO PARA EJERCER DERECHOS.<\/h5>\n<p>Seg\u00fan indica la Agencia Espa\u00f1ola de Protecci\u00f3n de Datos (AEPD):<\/p>\n<ul>\n<li>Tipo de derecho que el interesado va a ejercer.<\/li>\n<li>Empresa a la que se dirige para la ejecuci\u00f3n del derecho (en caso de grupos empresariales).<\/li>\n<li>Rol con el que act\u00faa: Cliente, Proveedor, Empleado, Candidato, etc\u00e9tera.<\/li>\n<li>Justificaci\u00f3n o argumentaci\u00f3n que le asiste para su ejercicio, excepto para el de \u201cacceso\u201d.<\/li>\n<li>Nombre completo y NIF.<\/li>\n<li>Medio por el cual se identifica fehacientemente: Certificado electr\u00f3nico, Fotocopia DNI, etc\u00e9tera.<\/li>\n<\/ul>\n<h5>5.4 DERECHOS A LOS QUE PUEDEN ACCEDER LOS INTERESADOS<\/h5>\n<ul>\n<li><strong>Derecho Acceso:\u00a0<\/strong>Se enviar\u00e1 al interesado los datos en poder de la empresa, tras un rastreo por los distintos ficheros\/bases de datos que pudieran contener datos personales.<\/li>\n<li><strong>Derecho de Rectificaci\u00f3n:<\/strong>\u00a0Indicar\u00e1 el interesado los datos a cambiar o suprimir con las evidencias adecuadas. Estos se modificar\u00e1n en todos los ficheros\/bases de datos de la empresa. Este derecho se ejercitar\u00e1 tras el de Acceso.<\/li>\n<li><strong>Derecho de Cancelaci\u00f3n:<\/strong>\u00a0Indicar\u00e1 el interesado los datos a eliminar tras una argumentaci\u00f3n del motivo de ser inadecuado o excesivos. Este derecho se ejercitar\u00e1 tras el de Acceso.<\/li>\n<li><strong>Derecho de Oposici\u00f3n:<\/strong>\u00a0Indicar\u00e1 el interesado los datos propuestos a dejar de utilizarse en la empresa, tras la correspondiente argumentaci\u00f3n, si no se puede ejecutar por motivos leg\u00edtimos imperiosos\u00a0o\u00a0el ejercicio o la defensa de posibles reclamaciones se tengan que seguir tratando, se informar\u00e1 al interesado. Este derecho se ejercitar\u00e1 tras el de Acceso.<\/li>\n<li><strong>Derecho de Limitaci\u00f3n:\u00a0<\/strong>Indicar\u00e1 el interesado los datos propuestos a dejar de utilizarse en la empresa, tras la correspondiente argumentaci\u00f3n, pero se guardar\u00e1n para ejercicio o defensa de reclamaciones. Este derecho se ejercitar\u00e1 tras el de Acceso.<\/li>\n<li><strong>Derecho de Portabilidad:<\/strong>\u00a0Se enviar\u00e1n en un formato electr\u00f3nico todos los datos del cliente, ya sea a este o a otra empresa. Pdte. de determinar el formato. Este derecho se ejercitar\u00e1 tras el de Acceso.<\/li>\n<\/ul>\n<h4>6. SEGURIDAD E INTEGRIDAD DE LOS DATOS PERSONALES<\/h4>\n<h5>6.1 Gestionamos y almacenamos de forma responsable la informaci\u00f3n de nuestros clientes, manteni\u00e9ndola segura.<\/h5>\n<p>Los niveles de seguridad requeridos a nuestros empleados para preservar la protecci\u00f3n y la integridad de los datos de nuestros clientes e interesados. Esta Pol\u00edtica se persigue la adopci\u00f3n de acciones destinadas a preservar los cuatro componentes b\u00e1sicos de la seguridad aplicados a la informaci\u00f3n:<\/p>\n<p><strong>Confidencialidad<\/strong>: Permitimos el acceso a los datos y a nuestros sistemas s\u00f3lo a aquellas personas debidamente autorizadas siguiendo el \u201cprincipio de necesidad de uso\u201d.<\/p>\n<p><strong>Integridad<\/strong>: Preservamos la exactitud de la informaci\u00f3n y de los sistemas contra cualquier tipo de alteraci\u00f3n, p\u00e9rdida o destrucci\u00f3n, ya sea de forma accidental o fraudulenta.<\/p>\n<p><strong>Disponibilidad<\/strong>: Establecemos los mecanismos necesarios para que la informaci\u00f3n y los sistemas puedan ser utilizados en la forma y tiempo requeridos.<\/p>\n<p><strong>Auditabilidad<\/strong>: Facilitamos que cualquier acci\u00f3n o transacci\u00f3n pueda ser relacionada un\u00edvocamente asegurando el cumplimiento de controles clave establecidos en las correspondientes normativas.<\/p>\n<p><strong>6.2 Nos comprometemos a actuar con rapidez y responsabilidad, si est\u00e1 en peligro la seguridad de la informaci\u00f3n de nuestros clientes e interesados.<\/strong><\/p>\n<p>Haremos uso de los recursos apropiados para investigar las brechas de seguridad que pongan en peligro la privacidad de nuestros clientes y interesados, asegur\u00e1ndonos que se implantan las medidas correctivas pertinentes. Llevaremos un registro de las incidencias de seguridad a disposici\u00f3n de las autoridades supervisoras locales.<\/p>\n<p>Informaremos a nuestros clientes de aquellos casos relevantes en los que la p\u00e9rdida, uso indebido o revelaci\u00f3n de la informaci\u00f3n haya sido provocada por una violaci\u00f3n en la seguridad de los sistemas y redes de la compa\u00f1\u00eda o bien derivados de una decisi\u00f3n o acci\u00f3n t\u00e9cnica interna. En estos casos, informaremos a nuestros clientes sobre las acciones correctivas realizadas y daremos las recomendaciones oportunas para ayudar a proteger sus intereses.<\/p>","protected":false},"excerpt":{"rendered":"Sorry, this entry is only available in European Spanish.A continuaci\u00f3n, se expone la siguiente Pol\u00edtica de Privacidad conforme al nuevo Reglamento General de Protecci\u00f3n de Datos, con marco normativo establecido por el Reglamento Europeo 2016\/679, de 27 de abril, ya vigente desde mayo de 2016 y con fecha de aplicaci\u00f3n el 25 de mayo de&#8230;","protected":false},"author":3,"featured_media":0,"parent":0,"menu_order":11,"comment_status":"closed","ping_status":"closed","template":"","meta":{"inline_featured_image":false},"acf":{"display":"hide","generic_slider":null,"related_page":null,"related_page_text":""},"yoast_head":"<!-- This site is optimized with the Yoast SEO plugin v20.11 - https:\/\/yoast.com\/wordpress\/plugins\/seo\/ -->\n<title>Privacy policy - Torres \u00c1lvarez<\/title>\n<meta name=\"robots\" content=\"index, follow, max-snippet:-1, max-image-preview:large, max-video-preview:-1\" \/>\n<link rel=\"canonical\" href=\"https:\/\/asesoriaempresamadrid.es\/politica-de-privacidad\/\" \/>\n<meta property=\"og:locale\" content=\"en_US\" \/>\n<meta property=\"og:type\" content=\"article\" \/>\n<meta property=\"og:title\" content=\"[:es]Pol\u00edtica de privacidad[:en]Privacy policy[:] - Torres \u00c1lvarez\" \/>\n<meta property=\"og:description\" content=\"Sorry, this entry is only available in European Spanish.A continuaci\u00f3n, se expone la siguiente Pol\u00edtica de Privacidad conforme al nuevo Reglamento General de Protecci\u00f3n de Datos, con marco normativo establecido por el Reglamento Europeo 2016\/679, de 27 de abril, ya vigente desde mayo de 2016 y con fecha de aplicaci\u00f3n el 25 de mayo de...\" \/>\n<meta property=\"og:url\" content=\"https:\/\/asesoriaempresamadrid.es\/politica-de-privacidad\/\" \/>\n<meta property=\"og:site_name\" content=\"Torres \u00c1lvarez\" \/>\n<meta property=\"article:modified_time\" content=\"2023-07-18T09:17:55+00:00\" \/>\n<meta name=\"twitter:card\" content=\"summary_large_image\" \/>\n<meta name=\"twitter:label1\" content=\"Est. reading time\" \/>\n\t<meta name=\"twitter:data1\" content=\"7 minutes\" \/>\n<script type=\"application\/ld+json\" class=\"yoast-schema-graph\">{\"@context\":\"https:\/\/schema.org\",\"@graph\":[{\"@type\":\"WebPage\",\"@id\":\"https:\/\/asesoriaempresamadrid.es\/politica-de-privacidad\/\",\"url\":\"https:\/\/asesoriaempresamadrid.es\/politica-de-privacidad\/\",\"name\":\"[:es]Pol\u00edtica de privacidad[:en]Privacy policy[:] - Torres \u00c1lvarez\",\"isPartOf\":{\"@id\":\"https:\/\/asesoriaempresamadrid.es\/#website\"},\"datePublished\":\"2023-06-21T14:33:52+00:00\",\"dateModified\":\"2023-07-18T09:17:55+00:00\",\"breadcrumb\":{\"@id\":\"https:\/\/asesoriaempresamadrid.es\/politica-de-privacidad\/#breadcrumb\"},\"inLanguage\":\"en-US\",\"potentialAction\":[{\"@type\":\"ReadAction\",\"target\":[\"https:\/\/asesoriaempresamadrid.es\/politica-de-privacidad\/\"]}]},{\"@type\":\"BreadcrumbList\",\"@id\":\"https:\/\/asesoriaempresamadrid.es\/politica-de-privacidad\/#breadcrumb\",\"itemListElement\":[{\"@type\":\"ListItem\",\"position\":1,\"name\":\"Home\",\"item\":\"https:\/\/asesoriaempresamadrid.es\/\"},{\"@type\":\"ListItem\",\"position\":2,\"name\":\"Pol\u00edtica de privacidad\"}]},{\"@type\":\"WebSite\",\"@id\":\"https:\/\/asesoriaempresamadrid.es\/#website\",\"url\":\"https:\/\/asesoriaempresamadrid.es\/\",\"name\":\"Torres \u00c1lvarez Asesores\",\"description\":\"Asesor\u00eda para empresas\",\"publisher\":{\"@id\":\"https:\/\/asesoriaempresamadrid.es\/#organization\"},\"potentialAction\":[{\"@type\":\"SearchAction\",\"target\":{\"@type\":\"EntryPoint\",\"urlTemplate\":\"https:\/\/asesoriaempresamadrid.es\/?s={search_term_string}\"},\"query-input\":\"required name=search_term_string\"}],\"inLanguage\":\"en-US\"},{\"@type\":\"Organization\",\"@id\":\"https:\/\/asesoriaempresamadrid.es\/#organization\",\"name\":\"Torres \u00c1lvarez Asesores\",\"url\":\"https:\/\/asesoriaempresamadrid.es\/\",\"logo\":{\"@type\":\"ImageObject\",\"inLanguage\":\"en-US\",\"@id\":\"https:\/\/asesoriaempresamadrid.es\/#\/schema\/logo\/image\/\",\"url\":\"https:\/\/asesorempresas.auditecnic.es\/wp-content\/uploads\/2023\/07\/logo-torres-alvarez.png\",\"contentUrl\":\"https:\/\/asesorempresas.auditecnic.es\/wp-content\/uploads\/2023\/07\/logo-torres-alvarez.png\",\"width\":1344,\"height\":368,\"caption\":\"Torres \u00c1lvarez Asesores\"},\"image\":{\"@id\":\"https:\/\/asesoriaempresamadrid.es\/#\/schema\/logo\/image\/\"}}]}<\/script>\n<!-- \/ Yoast SEO plugin. -->","yoast_head_json":{"title":"[:es]Pol\u00edtica de privacidad[:en]Privacy policy[:] - Torres \u00c1lvarez","robots":{"index":"index","follow":"follow","max-snippet":"max-snippet:-1","max-image-preview":"max-image-preview:large","max-video-preview":"max-video-preview:-1"},"canonical":"https:\/\/asesoriaempresamadrid.es\/politica-de-privacidad\/","og_locale":"en_US","og_type":"article","og_title":"[:es]Pol\u00edtica de privacidad[:en]Privacy policy[:] - Torres \u00c1lvarez","og_description":"Sorry, this entry is only available in European Spanish.A continuaci\u00f3n, se expone la siguiente Pol\u00edtica de Privacidad conforme al nuevo Reglamento General de Protecci\u00f3n de Datos, con marco normativo establecido por el Reglamento Europeo 2016\/679, de 27 de abril, ya vigente desde mayo de 2016 y con fecha de aplicaci\u00f3n el 25 de mayo de...","og_url":"https:\/\/asesoriaempresamadrid.es\/politica-de-privacidad\/","og_site_name":"Torres \u00c1lvarez","article_modified_time":"2023-07-18T09:17:55+00:00","twitter_card":"summary_large_image","twitter_misc":{"Est. reading time":"7 minutes"},"schema":{"@context":"https:\/\/schema.org","@graph":[{"@type":"WebPage","@id":"https:\/\/asesoriaempresamadrid.es\/politica-de-privacidad\/","url":"https:\/\/asesoriaempresamadrid.es\/politica-de-privacidad\/","name":"[:es]Pol\u00edtica de privacidad[:en]Privacy policy[:] - Torres \u00c1lvarez","isPartOf":{"@id":"https:\/\/asesoriaempresamadrid.es\/#website"},"datePublished":"2023-06-21T14:33:52+00:00","dateModified":"2023-07-18T09:17:55+00:00","breadcrumb":{"@id":"https:\/\/asesoriaempresamadrid.es\/politica-de-privacidad\/#breadcrumb"},"inLanguage":"en-US","potentialAction":[{"@type":"ReadAction","target":["https:\/\/asesoriaempresamadrid.es\/politica-de-privacidad\/"]}]},{"@type":"BreadcrumbList","@id":"https:\/\/asesoriaempresamadrid.es\/politica-de-privacidad\/#breadcrumb","itemListElement":[{"@type":"ListItem","position":1,"name":"Home","item":"https:\/\/asesoriaempresamadrid.es\/"},{"@type":"ListItem","position":2,"name":"Pol\u00edtica de privacidad"}]},{"@type":"WebSite","@id":"https:\/\/asesoriaempresamadrid.es\/#website","url":"https:\/\/asesoriaempresamadrid.es\/","name":"Torres \u00c1lvarez Asesores","description":"Asesor\u00eda para empresas","publisher":{"@id":"https:\/\/asesoriaempresamadrid.es\/#organization"},"potentialAction":[{"@type":"SearchAction","target":{"@type":"EntryPoint","urlTemplate":"https:\/\/asesoriaempresamadrid.es\/?s={search_term_string}"},"query-input":"required name=search_term_string"}],"inLanguage":"en-US"},{"@type":"Organization","@id":"https:\/\/asesoriaempresamadrid.es\/#organization","name":"Torres \u00c1lvarez Asesores","url":"https:\/\/asesoriaempresamadrid.es\/","logo":{"@type":"ImageObject","inLanguage":"en-US","@id":"https:\/\/asesoriaempresamadrid.es\/#\/schema\/logo\/image\/","url":"https:\/\/asesorempresas.auditecnic.es\/wp-content\/uploads\/2023\/07\/logo-torres-alvarez.png","contentUrl":"https:\/\/asesorempresas.auditecnic.es\/wp-content\/uploads\/2023\/07\/logo-torres-alvarez.png","width":1344,"height":368,"caption":"Torres \u00c1lvarez Asesores"},"image":{"@id":"https:\/\/asesoriaempresamadrid.es\/#\/schema\/logo\/image\/"}}]}},"_links":{"self":[{"href":"https:\/\/asesoriaempresamadrid.es\/en\/wp-json\/wp\/v2\/pages\/692"}],"collection":[{"href":"https:\/\/asesoriaempresamadrid.es\/en\/wp-json\/wp\/v2\/pages"}],"about":[{"href":"https:\/\/asesoriaempresamadrid.es\/en\/wp-json\/wp\/v2\/types\/page"}],"author":[{"embeddable":true,"href":"https:\/\/asesoriaempresamadrid.es\/en\/wp-json\/wp\/v2\/users\/3"}],"replies":[{"embeddable":true,"href":"https:\/\/asesoriaempresamadrid.es\/en\/wp-json\/wp\/v2\/comments?post=692"}],"version-history":[{"count":2,"href":"https:\/\/asesoriaempresamadrid.es\/en\/wp-json\/wp\/v2\/pages\/692\/revisions"}],"predecessor-version":[{"id":694,"href":"https:\/\/asesoriaempresamadrid.es\/en\/wp-json\/wp\/v2\/pages\/692\/revisions\/694"}],"wp:attachment":[{"href":"https:\/\/asesoriaempresamadrid.es\/en\/wp-json\/wp\/v2\/media?parent=692"}],"curies":[{"name":"wp","href":"https:\/\/api.w.org\/{rel}","templated":true}]}}