{"id":685,"date":"2023-06-21T14:27:13","date_gmt":"2023-06-21T14:27:13","guid":{"rendered":"https:\/\/asesorempresas.auditecnic.es\/?page_id=685"},"modified":"2023-06-21T14:33:15","modified_gmt":"2023-06-21T14:33:15","slug":"aviso-legal","status":"publish","type":"page","link":"https:\/\/asesoriaempresamadrid.es\/en\/legal-notice\/","title":{"rendered":"Legal Notice"},"content":{"rendered":"<p class=\"qtranxs-available-languages-message qtranxs-available-languages-message-en\">Sorry, this entry is only available in <a href=\"https:\/\/asesoriaempresamadrid.es\/es\/wp-json\/wp\/v2\/pages\/685\" class=\"qtranxs-available-language-link qtranxs-available-language-link-es\" title=\"Espa\u00f1ol\">European Spanish<\/a>.<\/p><p><\/p>\n<h4>1. DATOS IDENTIFICATIVOS<\/h4>\n<p>El presente aviso legal establece las condiciones de uso del sitio web \u201chttps:\/\/www.auditecnic.es\u201d en adelante \u201cSitio Web\u201d. La titularidad corresponde a Grupo AUDITECNIC (Auditecnic Consulting Group S.L. y Auditecnic Consulting T&amp;A S.L.) , en adelante, \u201cLa empresa\u201d.<\/p>\n<p>En cumplimiento del art\u00edculo 10 de la Ley 34\/2002, de 11 de julio, de Servicios de la Sociedad de la Informaci\u00f3n y Comercio Electr\u00f3nico, a continuaci\u00f3n se exponen los datos identificativos de la empresa.<\/p>\n<p><strong>DENOMINACI\u00d3N SOCIAL:<\/strong>\u00a0Auditecnic Consulting Group S.L. y Auditecnic Consulting T&amp;A S.L.<\/p>\n<p><strong>NIF\/CIF:\u00a0<\/strong>B88009824 y B83876300<\/p>\n<p><strong>DOMICILIO SOCIAL:\u00a0<\/strong>Calle Pr\u00edncipe 12, 2B<\/p>\n<p><strong>DIRECCI\u00d3N DE CORREO ELECTR\u00d3NICO:\u00a0<\/strong>info@auditecnic.es<\/p>\n<p><strong>DATOS DE INSCRIPCI\u00d3N EN EL REGISTRO MERCANTIL\u00a0<\/strong>Inscritas en el Registro Mercantil de Madrid, al Tomo 37.178, Folio 110, Secci\u00f3n 8 Hoja M-663499, Inscripci\u00f3n 1 y al Tomo 19651, Folio 72, Secci\u00f3n 8, Hoja M- 345583, Inscripci\u00f3n 1 respectivamente.<\/p>\n<h4 class=\"wp-block-heading\">2. OBJETO Y \u00c1MBITO DE APLICACI\u00d3N<\/h4>\n<p>2.1. Estas son las condiciones generales (en adelante \u201cCondiciones Generales\u201d) que regulan el acceso, navegaci\u00f3n y uso de los sitios web bajo el dominio \u201d https:\/\/www.auditecnic.es \u201d (en adelante, \u201cSitio Web\u201d), as\u00ed como las responsabilidades derivadas de la utilizaci\u00f3n de sus contenidos (entendiendo en adelante por \u201cContenidos\u201d los textos, gr\u00e1ficos, dibujos, dise\u00f1os, c\u00f3digos, software, fotograf\u00edas, m\u00fasica, v\u00eddeos, sonidos, bases de datos, im\u00e1genes, expresiones e informaciones, as\u00ed como cualquier otra creaci\u00f3n protegida por las leyes nacionales y los tratados internacionales sobre propiedad intelectual e industrial). Independientemente de las mismas, La empresa podr\u00e1 establecer unas condiciones particulares que regulen la utilizaci\u00f3n y\/o contrataci\u00f3n de servicios espec\u00edficos ofrecidos a los usuarios a trav\u00e9s del Sitio Web.<\/p>\n<p>2.2. Se entender\u00e1 que el acceso o la mera utilizaci\u00f3n del Sitio Web por parte del usuario implica la adhesi\u00f3n de \u00e9ste a las Condiciones Generales que La empresa tenga publicadas en cada momento en el que acceda al Sitio Web y que estar\u00e1n disponibles para los usuarios. En consecuencia, el usuario debe leer atentamente estas Condiciones Generales. En este sentido, se entender\u00e1 por \u201cUsuario\u201d a la persona que acceda, navegue, utilice o participe en los servicios y actividades, gratuitas u onerosas, desarrolladas en el Sitio Web.<\/p>\n<p>2.3. Asimismo, a trav\u00e9s del Sitio Web, La empresa podr\u00e1 habilitar a terceras entidades para que publiciten o presten sus servicios. En estos casos, La empresa no ser\u00e1 responsable de establecer las condiciones generales y particulares a tener en cuenta en la utilizaci\u00f3n, prestaci\u00f3n o contrataci\u00f3n de estos servicios por terceros y, por tanto, no podr\u00e1 ser considerado responsable de los mismos.<\/p>\n<p>2.4. Antes de utilizar y\/o contratar dichos servicios espec\u00edficos prestados por La empresa, el Usuario deber\u00e1 leer atentamente las correspondientes condiciones particulares creadas a tal efecto por La empresa. La utilizaci\u00f3n y\/o la contrataci\u00f3n de dichos servicios espec\u00edficos implican la aceptaci\u00f3n de las condiciones particulares que los regulen en la versi\u00f3n publicada por La empresa en el momento en que se produzca dicha utilizaci\u00f3n y\/o contrataci\u00f3n.<\/p>\n<h4 class=\"wp-block-heading\">3. DERECHOS DE PROPIEDAD INTELECTUAL E INDUSTRIAL<\/h4>\n<p>3.1. La empresa, como autor de obra colectiva, o cualquier obra o prestaciones de cualquier naturaleza, es titular de los derechos de propiedad intelectual e industrial del Sitio Web, y es tambi\u00e9n titular o tiene la correspondiente licencia sobre los derechos de propiedad intelectual, industrial y de imagen sobre los contenidos disponibles a trav\u00e9s del mismo.<\/p>\n<p>3.2. En ning\u00fan caso se entender\u00e1 que el acceso y navegaci\u00f3n del Usuario implica una renuncia, transmisi\u00f3n, licencia o cesi\u00f3n total ni parcial de dichos derechos por parte de La empresa.<\/p>\n<p>3.3. En consecuencia, no est\u00e1 permitido suprimir, eludir o manipular el aviso de derechos de autor (copyright) y cualesquiera otros datos de identificaci\u00f3n de los derechos de La empresa o de sus titulares incorporados a los contenidos, as\u00ed como los dispositivos t\u00e9cnicos de protecci\u00f3n, las huellas digitales o cualesquiera mecanismos de informaci\u00f3n y\/o de identificaci\u00f3n que pudieren contenerse en los contenidos.<\/p>\n<p>3.4. Asimismo est\u00e1 prohibido modificar, copiar, reutilizar, explotar, reproducir, comunicar p\u00fablicamente, hacer segundas o posteriores publicaciones, cargar archivos, enviar por correo, transmitir, usar, tratar o distribuir de cualquier forma la totalidad o parte de los contenidos incluidos en el Sitio Web si no se cuenta con la autorizaci\u00f3n expresa y por escrito de La empresa o, en su caso, del titular o titulares de los derechos a que corresponda.<\/p>\n<p>3.5. En particular, La empresa se opone de manera expresa a que la reproducci\u00f3n de sus p\u00e1ginas pueda ser considerada una cita en los t\u00e9rminos previstos en el art\u00edculo 32, 1\u00ba p\u00e1rrafo segundo, de la Ley de Propiedad Intelectual.<\/p>\n<h4 class=\"wp-block-heading\">4. UTILIZACI\u00d3N DEL SITIO WEB<\/h4>\n<p>4.1. Los Contenidos incluidos en el Sitio Web se facilitan \u00fanicamente a consumidores o Usuarios finales. Cualquier uso comercial no autorizado de los mismos queda prohibido, salvo que se cuente con la previa autorizaci\u00f3n escrita de La empresa.<\/p>\n<p>4.2. El acceso, navegaci\u00f3n y uso del Sitio Web es responsabilidad del Usuario, por lo que el Usuario se compromete a observar diligente y fielmente cualquier instrucci\u00f3n adicional impartida por La empresa o por personal autorizado de La empresa relativa al uso del Sitio Web y de sus Contenidos. Asimismo le instamos a que comunique a La empresa cualquier hecho del que tenga conocimiento y suponga una conducta contraria a derecho o vulnere derechos de cualquier tercero bien a trav\u00e9s de las herramientas del Sitio Web o bien a trav\u00e9s del formulario de contacto.<\/p>\n<p>4.3. Por tanto, el Usuario se obliga a usar los Contenidos de forma diligente, correcta y l\u00edcita y, en particular, se compromete a abstenerse de:<\/p>\n<ul>\n<li>Utilizar los contenidos con fines o efectos contrarios a la ley, a la moral y a las buenas costumbres generalmente aceptadas o al orden p\u00fablico;<\/li>\n<li>Reproducir o copiar, distribuir, permitir el acceso del p\u00fablico a trav\u00e9s de cualquier modalidad de comunicaci\u00f3n p\u00fablica, transformar o modificar los contenidos, a menos que se cuente con la autorizaci\u00f3n del titular de los correspondientes derechos o ello resulte legalmente permitido; y<\/li>\n<li>Emplear los Contenidos y, en particular, la informaci\u00f3n de cualquier clase obtenida a trav\u00e9s de la p\u00e1gina o de los servicios para remitir publicidad, comunicaciones con fines de venta directa o con cualquier otra clase de finalidad comercial, mensajes no solicitados dirigidos a una pluralidad de personas con independencia de su finalidad, as\u00ed como a abstenerse de comercializar o divulgar de cualquier modo dicha informaci\u00f3n.<\/li>\n<\/ul>\n<h4 class=\"wp-block-heading\">5. USUARIO<\/h4>\n<p>El Usuario tiene terminantemente prohibido introducir cualquier tipo de virus en el dominio web, as\u00ed como intentar acceder a los datos del mismo, modificarlos, acceder a las cuentas de correo, mensajes, etc.<\/p>\n<p>La empresa no ser\u00e1 responsable de las infracciones de cualquier Usuario que afecten a los derechos de otro Usuario de la web, o de terceros, incluyendo los derechos de copyright, marcas, patentes, informaci\u00f3n confidencial y cualquier otro derecho de propiedad intelectual o industrial. La empresa har\u00e1 uso de las acciones civiles o penales que por ley corresponda, ante cualquier utilizaci\u00f3n indebida de su dominio web. Los litigios que pudieran surgir en relaci\u00f3n a este dominio se regir\u00e1n \u00fanicamente por el derecho espa\u00f1ol, someti\u00e9ndose a los Juzgados y Tribunales competentes en la provincia de Madrid.<\/p>\n<h4 class=\"wp-block-heading\">6. RESPONSABILIDADES Y GARANT\u00cdAS<\/h4>\n<p>6.1. La empresa no garantiza la licitud, fiabilidad, utilidad, veracidad o exactitud de los servicios o de la informaci\u00f3n que difunda a trav\u00e9s del Sitio Web.<\/p>\n<p>6.2. En consecuencia, La empresa no garantiza ni se hace responsable de: el funcionamiento del Sitio Web; la continuidad de los Contenidos del Sitio Web; la ausencia de errores en dichos Contenidos ni la correcci\u00f3n de cualquier defecto que pudiera ocurrir; la ausencia de virus y\/o dem\u00e1s componentes da\u00f1inos en el Sitio Web o en el servidor que lo suministra; la invulnerabilidad del Sitio Web y\/o la inexpugnabilidad de las medidas de seguridad que se adopten en el mismo; la falta de utilidad o rendimiento de los contenidos del Sitio Web; los da\u00f1os o perjuicios que cause, a s\u00ed mismo o a un tercero, cualquier persona que infringiera las condiciones, normas e instrucciones que La empresa establece en el Sitio Web o a trav\u00e9s de la vulneraci\u00f3n de los sistemas de seguridad del Sitio Web.<\/p>\n<p>6.3. No obstante, La Empresa declara que ha adoptado diligentemente las medidas necesarias, dentro de sus posibilidades y del estado de la tecnolog\u00eda, para garantizar el funcionamiento del Sitio Web y evitar la existencia y transmisi\u00f3n a los Usuarios de virus y otros componentes da\u00f1inos.<\/p>\n<h4 class=\"wp-block-heading\">7. ENLACES<\/h4>\n<h5>Enlaces a otros Sitios Web<\/h5>\n<p>7.1. En el Sitio Web, el Usuario podr\u00e1 encontrar enlaces a otras p\u00e1ginas web mediante diferentes botones, links, banners, etc., los cuales son gestionados por terceros. La empresa no asume ning\u00fan tipo de responsabilidad por cualquier aspecto relativo a la p\u00e1gina web enlazada.<\/p>\n<h5>Enlaces en otros sitios web con destino al Sitio Web<\/h5>\n<p>7.2. Si cualquier tercero, entidad o sitio web deseara establecer alg\u00fan tipo de enlace con destino al Sitio Web deber\u00e1 atenerse a las siguientes condiciones y requisitos:<\/p>\n<ul>\n<li>El enlace se podr\u00e1 dirigir a la P\u00e1gina Principal del Sitio Web.<\/li>\n<li>El enlace debe ser absoluto y completo, es decir, debe llevar al Usuario, mediante un clic, a la propia direcci\u00f3n URL de La empresa https:\/\/www.auditecnic.es y debe abarcar completamente toda la extensi\u00f3n de la pantalla del Sitio Web. En ning\u00fan caso, salvo que La empresa lo autorice de manera expresa y por escrito, el sitio web que realiza el enlace podr\u00e1 reproducir, de cualquier manera, el Sitio Web, incluirlo como parte de su web o dentro de uno de sus \u201cframes\u201d o crear un \u201cbrowser\u201d sobre cualquiera de las p\u00e1ginas del Sitio Web. En la p\u00e1gina que establece el enlace no se podr\u00e1 declarar de ninguna manera que La empresa ha autorizado tal enlace, salvo que La empresa lo haya hecho expresamente y por escrito. Si la entidad que realiza el enlace desde su p\u00e1gina al Sitio Web deseara incluir en su p\u00e1gina web la marca, denominaci\u00f3n, nombre comercial, r\u00f3tulo, logotipo, slogan o cualquier otro tipo de elemento identificativo de La empresa y\/o del Sitio Web, deber\u00e1 contar previamente con su autorizaci\u00f3n expresa y por escrito.<\/li>\n<li>La empresa no autoriza el establecimiento de un enlace al Sitio Web desde aquellas p\u00e1ginas web que de forma manifiesta fomenten el odio, el desprecio o la discriminaci\u00f3n por motivos de nacimiento, raza, sexo, religi\u00f3n, nacionalidad, opini\u00f3n o cualquier otra circunstancia personal o social y en general, que contravengan la moral, el orden p\u00fablico o las normas sociales generalmente aceptadas.<\/li>\n<\/ul>\n<p>7.3. La empresa no asume ning\u00fan tipo de responsabilidad por cualquier aspecto relativo a la p\u00e1gina web que establece ese enlace con destino al Sitio Web, en concreto, a t\u00edtulo enunciativo y no taxativo, sobre su funcionamiento, acceso, datos, informaci\u00f3n, archivos, calidad y fiabilidad de sus productos y servicios, sus propios enlaces y\/o cualquiera de sus contenidos, en general.<\/p>\n<p>Servicios prestados por terceros a trav\u00e9s del Sitio Web<\/p>\n<p>7.4. La empresa no garantiza la licitud, fiabilidad y utilidad de los servicios prestados por terceros a trav\u00e9s del Sitio Web o sobre los que La empresa \u00fanicamente act\u00fae como medio cauce publicitario o prestador de servicio de intermediaci\u00f3n.<\/p>\n<p>7.5. La empresa no ser\u00e1 responsable de los da\u00f1os y perjuicios de toda naturaleza causados por los servicios prestados por terceros a trav\u00e9s de esta p\u00e1gina, y en particular, a t\u00edtulo meramente enunciativo, los causados por:<\/p>\n<ul>\n<li>El incumplimiento de la ley, la moral o el orden p\u00fablico;<\/li>\n<li>La incorporaci\u00f3n de virus o cualquier otro c\u00f3digo inform\u00e1tico, archivo o programa que pueda da\u00f1ar, interrumpir o impedir el normal funcionamiento de cualquier software, hardware o equipo de telecomunicaciones;<\/li>\n<li>La infracci\u00f3n de los derechos de propiedad intelectual e industrial, de los secretos empresariales, de compromisos contractuales de cualquier clase;<\/li>\n<li>La realizaci\u00f3n de actos que constituyan publicidad il\u00edcita, enga\u00f1osa o desleal y, en general, que constituyan competencia desleal;<\/li>\n<li>La falta de veracidad, exactitud, calidad, pertinencia y\/o actualidad de los contenidos transmitidos, difundidos, almacenados, recibidos, obtenidos, puestos a disposici\u00f3n o accesibles;<\/li>\n<li>La infracci\u00f3n de los derechos al honor, a la intimidad personal y familiar y a la imagen de las personas o, en general, cualquier tipo de derechos de terceros;<\/li>\n<li>La inadecuaci\u00f3n para cualquier clase de prop\u00f3sito y la defraudaci\u00f3n de las expectativas generadas, o los vicios y defectos que pudieran generarse en la relaci\u00f3n con terceros; y<\/li>\n<li>El incumplimiento, retraso en el cumplimiento, cumplimiento defectuoso o terminaci\u00f3n por cualquier causa de las obligaciones contra\u00eddas por terceros y contratos realizados con terceros.<\/li>\n<\/ul>\n<h4 class=\"wp-block-heading\">8. DURACI\u00d3N Y MODIFICACI\u00d3N<\/h4>\n<p>8.1. La empresa podr\u00e1 modificar los t\u00e9rminos y condiciones aqu\u00ed estipuladas, total o parcialmente, publicando cualquier cambio en la misma forma en que aparecen estas condiciones generales o a trav\u00e9s de cualquier tipo de comunicaci\u00f3n dirigida a los Usuarios.<\/p>\n<p>8.2. La vigencia temporal de estas Condiciones Generales coincide, por lo tanto, con el tiempo de su exposici\u00f3n, hasta que sean modificadas total o parcialmente, momento en el cual pasar\u00e1n a tener vigencia las condiciones generales modificadas.<\/p>\n<p>8.3. Con independencia de lo dispuesto en las condiciones particulares, La empresa podr\u00e1 dar por terminado, suspender o interrumpir, en cualquier momento sin necesidad de preaviso, el acceso a los contenidos de la p\u00e1gina, sin posibilidad por parte del Usuario de exigir indemnizaci\u00f3n alguna. Tras dicha extinci\u00f3n, seguir\u00e1n vigentes las prohibiciones de uso de los Contenidos expuestas anteriormente en las presentes Condiciones Generales.<\/p>\n<h4 class=\"wp-block-heading\">9. GENERALIDADES<\/h4>\n<p>9.1. Los encabezamientos de las distintas cl\u00e1usulas son s\u00f3lo informativos, y no afectar\u00e1n, calificar\u00e1n o ampliar\u00e1n la interpretaci\u00f3n de las Condiciones Generales.<\/p>\n<p>9.2. En caso de existir discrepancia entre lo establecido en estas Condiciones Generales y las condiciones particulares de cada servicio espec\u00edfico, prevalecer\u00e1 lo dispuesto en \u00e9stas \u00faltimas.<\/p>\n<p>9.3. En el caso de que cualquier disposici\u00f3n o disposiciones de estas Condiciones Generales fuera(n) considerada(s) nula(s) o inaplicable(s), en su totalidad o en parte, por cualquier Juzgado, Tribunal u \u00f3rgano administrativo competente, dicha nulidad o inaplicaci\u00f3n no afectar\u00e1 a las otras disposiciones de las Condiciones Generales ni a las condiciones particulares de los diferentes servicios de La empresa.<\/p>\n<p>9.4. El no ejercicio o ejecuci\u00f3n por parte de La empresa de cualquier derecho o disposici\u00f3n contenida en estas Condiciones Generales no constituir\u00e1 una renuncia al mismo, salvo reconocimiento y acuerdo por escrito por su parte.<\/p>\n<h4 class=\"wp-block-heading\">10. JURISDICCI\u00d3N<\/h4>\n<p>10.1. Las relaciones establecidas entre La empresa y el Usuario se regir\u00e1n por lo dispuesto en la normativa vigente acerca de la legislaci\u00f3n aplicable y la jurisdicci\u00f3n competente. No obstante, para los casos en los que la normativa prevea la posibilidad a las partes de someterse a un fuero, La empresa y el Usuario, con renuncia expresa a cualquier otro fuero que pudiera corresponderles, se someten a los Juzgados y Tribunales de la ciudad de Madrid.<\/p>","protected":false},"excerpt":{"rendered":"Sorry, this entry is only available in European Spanish. 1. DATOS IDENTIFICATIVOS El presente aviso legal establece las condiciones de uso del sitio web \u201chttps:\/\/www.auditecnic.es\u201d en adelante \u201cSitio Web\u201d. La titularidad corresponde a Grupo AUDITECNIC (Auditecnic Consulting Group S.L. y Auditecnic Consulting T&amp;A S.L.) , en adelante, \u201cLa empresa\u201d. En cumplimiento del art\u00edculo 10 de&#8230;","protected":false},"author":3,"featured_media":0,"parent":0,"menu_order":10,"comment_status":"closed","ping_status":"closed","template":"","meta":{"inline_featured_image":false},"acf":{"display":"hide","generic_slider":null,"related_page":null,"related_page_text":""},"yoast_head":"<!-- This site is optimized with the Yoast SEO plugin v20.11 - https:\/\/yoast.com\/wordpress\/plugins\/seo\/ -->\n<title>Legal Notice - Torres \u00c1lvarez<\/title>\n<meta name=\"robots\" content=\"index, follow, max-snippet:-1, max-image-preview:large, max-video-preview:-1\" \/>\n<link rel=\"canonical\" href=\"https:\/\/asesoriaempresamadrid.es\/aviso-legal\/\" \/>\n<meta property=\"og:locale\" content=\"en_US\" \/>\n<meta property=\"og:type\" content=\"article\" \/>\n<meta property=\"og:title\" content=\"[:es]Aviso legal[:en]Legal Notice[:] - Torres \u00c1lvarez\" \/>\n<meta property=\"og:description\" content=\"Sorry, this entry is only available in European Spanish. 1. DATOS IDENTIFICATIVOS El presente aviso legal establece las condiciones de uso del sitio web \u201chttps:\/\/www.auditecnic.es\u201d en adelante \u201cSitio Web\u201d. La titularidad corresponde a Grupo AUDITECNIC (Auditecnic Consulting Group S.L. y Auditecnic Consulting T&amp;A S.L.) , en adelante, \u201cLa empresa\u201d. En cumplimiento del art\u00edculo 10 de...\" \/>\n<meta property=\"og:url\" content=\"https:\/\/asesoriaempresamadrid.es\/aviso-legal\/\" \/>\n<meta property=\"og:site_name\" content=\"Torres \u00c1lvarez\" \/>\n<meta property=\"article:modified_time\" content=\"2023-06-21T14:33:15+00:00\" \/>\n<meta name=\"twitter:card\" content=\"summary_large_image\" \/>\n<meta name=\"twitter:label1\" content=\"Est. reading time\" \/>\n\t<meta name=\"twitter:data1\" content=\"13 minutes\" \/>\n<script type=\"application\/ld+json\" class=\"yoast-schema-graph\">{\"@context\":\"https:\/\/schema.org\",\"@graph\":[{\"@type\":\"WebPage\",\"@id\":\"https:\/\/asesoriaempresamadrid.es\/aviso-legal\/\",\"url\":\"https:\/\/asesoriaempresamadrid.es\/aviso-legal\/\",\"name\":\"[:es]Aviso legal[:en]Legal Notice[:] - Torres \u00c1lvarez\",\"isPartOf\":{\"@id\":\"https:\/\/asesoriaempresamadrid.es\/#website\"},\"datePublished\":\"2023-06-21T14:27:13+00:00\",\"dateModified\":\"2023-06-21T14:33:15+00:00\",\"breadcrumb\":{\"@id\":\"https:\/\/asesoriaempresamadrid.es\/aviso-legal\/#breadcrumb\"},\"inLanguage\":\"en-US\",\"potentialAction\":[{\"@type\":\"ReadAction\",\"target\":[\"https:\/\/asesoriaempresamadrid.es\/aviso-legal\/\"]}]},{\"@type\":\"BreadcrumbList\",\"@id\":\"https:\/\/asesoriaempresamadrid.es\/aviso-legal\/#breadcrumb\",\"itemListElement\":[{\"@type\":\"ListItem\",\"position\":1,\"name\":\"Home\",\"item\":\"https:\/\/asesoriaempresamadrid.es\/\"},{\"@type\":\"ListItem\",\"position\":2,\"name\":\"Aviso legal\"}]},{\"@type\":\"WebSite\",\"@id\":\"https:\/\/asesoriaempresamadrid.es\/#website\",\"url\":\"https:\/\/asesoriaempresamadrid.es\/\",\"name\":\"Torres \u00c1lvarez Asesores\",\"description\":\"Asesor\u00eda para empresas\",\"publisher\":{\"@id\":\"https:\/\/asesoriaempresamadrid.es\/#organization\"},\"potentialAction\":[{\"@type\":\"SearchAction\",\"target\":{\"@type\":\"EntryPoint\",\"urlTemplate\":\"https:\/\/asesoriaempresamadrid.es\/?s={search_term_string}\"},\"query-input\":\"required name=search_term_string\"}],\"inLanguage\":\"en-US\"},{\"@type\":\"Organization\",\"@id\":\"https:\/\/asesoriaempresamadrid.es\/#organization\",\"name\":\"Torres \u00c1lvarez Asesores\",\"url\":\"https:\/\/asesoriaempresamadrid.es\/\",\"logo\":{\"@type\":\"ImageObject\",\"inLanguage\":\"en-US\",\"@id\":\"https:\/\/asesoriaempresamadrid.es\/#\/schema\/logo\/image\/\",\"url\":\"https:\/\/asesorempresas.auditecnic.es\/wp-content\/uploads\/2023\/07\/logo-torres-alvarez.png\",\"contentUrl\":\"https:\/\/asesorempresas.auditecnic.es\/wp-content\/uploads\/2023\/07\/logo-torres-alvarez.png\",\"width\":1344,\"height\":368,\"caption\":\"Torres \u00c1lvarez Asesores\"},\"image\":{\"@id\":\"https:\/\/asesoriaempresamadrid.es\/#\/schema\/logo\/image\/\"}}]}<\/script>\n<!-- \/ Yoast SEO plugin. -->","yoast_head_json":{"title":"[:es]Aviso legal[:en]Legal Notice[:] - Torres \u00c1lvarez","robots":{"index":"index","follow":"follow","max-snippet":"max-snippet:-1","max-image-preview":"max-image-preview:large","max-video-preview":"max-video-preview:-1"},"canonical":"https:\/\/asesoriaempresamadrid.es\/aviso-legal\/","og_locale":"en_US","og_type":"article","og_title":"[:es]Aviso legal[:en]Legal Notice[:] - Torres \u00c1lvarez","og_description":"Sorry, this entry is only available in European Spanish. 1. DATOS IDENTIFICATIVOS El presente aviso legal establece las condiciones de uso del sitio web \u201chttps:\/\/www.auditecnic.es\u201d en adelante \u201cSitio Web\u201d. La titularidad corresponde a Grupo AUDITECNIC (Auditecnic Consulting Group S.L. y Auditecnic Consulting T&amp;A S.L.) , en adelante, \u201cLa empresa\u201d. En cumplimiento del art\u00edculo 10 de...","og_url":"https:\/\/asesoriaempresamadrid.es\/aviso-legal\/","og_site_name":"Torres \u00c1lvarez","article_modified_time":"2023-06-21T14:33:15+00:00","twitter_card":"summary_large_image","twitter_misc":{"Est. reading time":"13 minutes"},"schema":{"@context":"https:\/\/schema.org","@graph":[{"@type":"WebPage","@id":"https:\/\/asesoriaempresamadrid.es\/aviso-legal\/","url":"https:\/\/asesoriaempresamadrid.es\/aviso-legal\/","name":"[:es]Aviso legal[:en]Legal Notice[:] - Torres \u00c1lvarez","isPartOf":{"@id":"https:\/\/asesoriaempresamadrid.es\/#website"},"datePublished":"2023-06-21T14:27:13+00:00","dateModified":"2023-06-21T14:33:15+00:00","breadcrumb":{"@id":"https:\/\/asesoriaempresamadrid.es\/aviso-legal\/#breadcrumb"},"inLanguage":"en-US","potentialAction":[{"@type":"ReadAction","target":["https:\/\/asesoriaempresamadrid.es\/aviso-legal\/"]}]},{"@type":"BreadcrumbList","@id":"https:\/\/asesoriaempresamadrid.es\/aviso-legal\/#breadcrumb","itemListElement":[{"@type":"ListItem","position":1,"name":"Home","item":"https:\/\/asesoriaempresamadrid.es\/"},{"@type":"ListItem","position":2,"name":"Aviso legal"}]},{"@type":"WebSite","@id":"https:\/\/asesoriaempresamadrid.es\/#website","url":"https:\/\/asesoriaempresamadrid.es\/","name":"Torres \u00c1lvarez Asesores","description":"Asesor\u00eda para empresas","publisher":{"@id":"https:\/\/asesoriaempresamadrid.es\/#organization"},"potentialAction":[{"@type":"SearchAction","target":{"@type":"EntryPoint","urlTemplate":"https:\/\/asesoriaempresamadrid.es\/?s={search_term_string}"},"query-input":"required name=search_term_string"}],"inLanguage":"en-US"},{"@type":"Organization","@id":"https:\/\/asesoriaempresamadrid.es\/#organization","name":"Torres \u00c1lvarez Asesores","url":"https:\/\/asesoriaempresamadrid.es\/","logo":{"@type":"ImageObject","inLanguage":"en-US","@id":"https:\/\/asesoriaempresamadrid.es\/#\/schema\/logo\/image\/","url":"https:\/\/asesorempresas.auditecnic.es\/wp-content\/uploads\/2023\/07\/logo-torres-alvarez.png","contentUrl":"https:\/\/asesorempresas.auditecnic.es\/wp-content\/uploads\/2023\/07\/logo-torres-alvarez.png","width":1344,"height":368,"caption":"Torres \u00c1lvarez Asesores"},"image":{"@id":"https:\/\/asesoriaempresamadrid.es\/#\/schema\/logo\/image\/"}}]}},"_links":{"self":[{"href":"https:\/\/asesoriaempresamadrid.es\/en\/wp-json\/wp\/v2\/pages\/685"}],"collection":[{"href":"https:\/\/asesoriaempresamadrid.es\/en\/wp-json\/wp\/v2\/pages"}],"about":[{"href":"https:\/\/asesoriaempresamadrid.es\/en\/wp-json\/wp\/v2\/types\/page"}],"author":[{"embeddable":true,"href":"https:\/\/asesoriaempresamadrid.es\/en\/wp-json\/wp\/v2\/users\/3"}],"replies":[{"embeddable":true,"href":"https:\/\/asesoriaempresamadrid.es\/en\/wp-json\/wp\/v2\/comments?post=685"}],"version-history":[{"count":6,"href":"https:\/\/asesoriaempresamadrid.es\/en\/wp-json\/wp\/v2\/pages\/685\/revisions"}],"predecessor-version":[{"id":691,"href":"https:\/\/asesoriaempresamadrid.es\/en\/wp-json\/wp\/v2\/pages\/685\/revisions\/691"}],"wp:attachment":[{"href":"https:\/\/asesoriaempresamadrid.es\/en\/wp-json\/wp\/v2\/media?parent=685"}],"curies":[{"name":"wp","href":"https:\/\/api.w.org\/{rel}","templated":true}]}}