{"id":619,"date":"2023-06-21T12:41:49","date_gmt":"2023-06-21T12:41:49","guid":{"rendered":"https:\/\/asesorempresas.auditecnic.es\/?page_id=619"},"modified":"2023-07-18T10:28:36","modified_gmt":"2023-07-18T10:28:36","slug":"servicios","status":"publish","type":"page","link":"https:\/\/asesoriaempresamadrid.es\/en\/services\/","title":{"rendered":"Services"},"content":{"rendered":"<p class=\"qtranxs-available-languages-message qtranxs-available-languages-message-en\">Sorry, this entry is only available in <a href=\"https:\/\/asesoriaempresamadrid.es\/es\/wp-json\/wp\/v2\/pages\/619\" class=\"qtranxs-available-language-link qtranxs-available-language-link-es\" title=\"Espa\u00f1ol\">European Spanish<\/a>.<\/p><p><\/p>\n<h1>Servicios<\/h1>\n<p>Auditecnic pone a su disposici\u00f3n un amplio equipo multidisciplinar para el asesoramiento y gesti\u00f3n integral de su empresa. Garantizamos un servicio riguroso y proactivo, adapt\u00e1ndonos a las necesidades particulares de cada uno de nuestros clientes.<\/p>","protected":false},"excerpt":{"rendered":"Sorry, this entry is only available in European Spanish. Servicios Auditecnic pone a su disposici\u00f3n un amplio equipo multidisciplinar para el asesoramiento y gesti\u00f3n integral de su empresa. Garantizamos un servicio riguroso y proactivo, adapt\u00e1ndonos a las necesidades particulares de cada uno de nuestros clientes.","protected":false},"author":3,"featured_media":0,"parent":0,"menu_order":3,"comment_status":"closed","ping_status":"closed","template":"","meta":{"inline_featured_image":false},"acf":{"display":"content","generic_slider":null,"related_page":null,"related_page_text":""},"yoast_head":"<!-- This site is optimized with the Yoast SEO plugin v20.11 - https:\/\/yoast.com\/wordpress\/plugins\/seo\/ -->\n<title>Services - Torres \u00c1lvarez<\/title>\n<meta name=\"description\" content=\"Ponemos a su disposici\u00f3n un amplio equipo multidisciplinar para el asesoramiento y gesti\u00f3n integral de su empresa.\" \/>\n<meta name=\"robots\" content=\"index, follow, max-snippet:-1, max-image-preview:large, max-video-preview:-1\" \/>\n<link rel=\"canonical\" href=\"https:\/\/asesoriaempresamadrid.es\/servicios\/\" \/>\n<meta property=\"og:locale\" content=\"en_US\" \/>\n<meta property=\"og:type\" content=\"article\" \/>\n<meta property=\"og:title\" content=\"[:es]Servicios[:en]Services[:] - Torres \u00c1lvarez\" \/>\n<meta property=\"og:description\" content=\"Ponemos a su disposici\u00f3n un amplio equipo multidisciplinar para el asesoramiento y gesti\u00f3n integral de su empresa.\" \/>\n<meta property=\"og:url\" content=\"https:\/\/asesoriaempresamadrid.es\/servicios\/\" \/>\n<meta property=\"og:site_name\" content=\"Torres \u00c1lvarez\" \/>\n<meta property=\"article:modified_time\" content=\"2023-07-18T10:28:36+00:00\" \/>\n<meta name=\"twitter:card\" content=\"summary_large_image\" \/>\n<meta name=\"twitter:label1\" content=\"Est. reading time\" \/>\n\t<meta name=\"twitter:data1\" content=\"1 minute\" \/>\n<script type=\"application\/ld+json\" class=\"yoast-schema-graph\">{\"@context\":\"https:\/\/schema.org\",\"@graph\":[{\"@type\":\"WebPage\",\"@id\":\"https:\/\/asesoriaempresamadrid.es\/servicios\/\",\"url\":\"https:\/\/asesoriaempresamadrid.es\/servicios\/\",\"name\":\"[:es]Servicios[:en]Services[:] - Torres \u00c1lvarez\",\"isPartOf\":{\"@id\":\"https:\/\/asesoriaempresamadrid.es\/#website\"},\"datePublished\":\"2023-06-21T12:41:49+00:00\",\"dateModified\":\"2023-07-18T10:28:36+00:00\",\"description\":\"Ponemos a su disposici\u00f3n un amplio equipo multidisciplinar para el asesoramiento y gesti\u00f3n integral de su empresa.\",\"breadcrumb\":{\"@id\":\"https:\/\/asesoriaempresamadrid.es\/servicios\/#breadcrumb\"},\"inLanguage\":\"en-US\",\"potentialAction\":[{\"@type\":\"ReadAction\",\"target\":[\"https:\/\/asesoriaempresamadrid.es\/servicios\/\"]}]},{\"@type\":\"BreadcrumbList\",\"@id\":\"https:\/\/asesoriaempresamadrid.es\/servicios\/#breadcrumb\",\"itemListElement\":[{\"@type\":\"ListItem\",\"position\":1,\"name\":\"Home\",\"item\":\"https:\/\/asesoriaempresamadrid.es\/\"},{\"@type\":\"ListItem\",\"position\":2,\"name\":\"Servicios\"}]},{\"@type\":\"WebSite\",\"@id\":\"https:\/\/asesoriaempresamadrid.es\/#website\",\"url\":\"https:\/\/asesoriaempresamadrid.es\/\",\"name\":\"Torres \u00c1lvarez Asesores\",\"description\":\"Asesor\u00eda para empresas\",\"publisher\":{\"@id\":\"https:\/\/asesoriaempresamadrid.es\/#organization\"},\"potentialAction\":[{\"@type\":\"SearchAction\",\"target\":{\"@type\":\"EntryPoint\",\"urlTemplate\":\"https:\/\/asesoriaempresamadrid.es\/?s={search_term_string}\"},\"query-input\":\"required name=search_term_string\"}],\"inLanguage\":\"en-US\"},{\"@type\":\"Organization\",\"@id\":\"https:\/\/asesoriaempresamadrid.es\/#organization\",\"name\":\"Torres \u00c1lvarez Asesores\",\"url\":\"https:\/\/asesoriaempresamadrid.es\/\",\"logo\":{\"@type\":\"ImageObject\",\"inLanguage\":\"en-US\",\"@id\":\"https:\/\/asesoriaempresamadrid.es\/#\/schema\/logo\/image\/\",\"url\":\"https:\/\/asesorempresas.auditecnic.es\/wp-content\/uploads\/2023\/07\/logo-torres-alvarez.png\",\"contentUrl\":\"https:\/\/asesorempresas.auditecnic.es\/wp-content\/uploads\/2023\/07\/logo-torres-alvarez.png\",\"width\":1344,\"height\":368,\"caption\":\"Torres \u00c1lvarez Asesores\"},\"image\":{\"@id\":\"https:\/\/asesoriaempresamadrid.es\/#\/schema\/logo\/image\/\"}}]}<\/script>\n<!-- \/ Yoast SEO plugin. -->","yoast_head_json":{"title":"[:es]Servicios[:en]Services[:] - Torres \u00c1lvarez","description":"Ponemos a su disposici\u00f3n un amplio equipo multidisciplinar para el asesoramiento y gesti\u00f3n integral de su empresa.","robots":{"index":"index","follow":"follow","max-snippet":"max-snippet:-1","max-image-preview":"max-image-preview:large","max-video-preview":"max-video-preview:-1"},"canonical":"https:\/\/asesoriaempresamadrid.es\/servicios\/","og_locale":"en_US","og_type":"article","og_title":"[:es]Servicios[:en]Services[:] - Torres \u00c1lvarez","og_description":"Ponemos a su disposici\u00f3n un amplio equipo multidisciplinar para el asesoramiento y gesti\u00f3n integral de su empresa.","og_url":"https:\/\/asesoriaempresamadrid.es\/servicios\/","og_site_name":"Torres \u00c1lvarez","article_modified_time":"2023-07-18T10:28:36+00:00","twitter_card":"summary_large_image","twitter_misc":{"Est. reading time":"1 minute"},"schema":{"@context":"https:\/\/schema.org","@graph":[{"@type":"WebPage","@id":"https:\/\/asesoriaempresamadrid.es\/servicios\/","url":"https:\/\/asesoriaempresamadrid.es\/servicios\/","name":"[:es]Servicios[:en]Services[:] - Torres \u00c1lvarez","isPartOf":{"@id":"https:\/\/asesoriaempresamadrid.es\/#website"},"datePublished":"2023-06-21T12:41:49+00:00","dateModified":"2023-07-18T10:28:36+00:00","description":"Ponemos a su disposici\u00f3n un amplio equipo multidisciplinar para el asesoramiento y gesti\u00f3n integral de su empresa.","breadcrumb":{"@id":"https:\/\/asesoriaempresamadrid.es\/servicios\/#breadcrumb"},"inLanguage":"en-US","potentialAction":[{"@type":"ReadAction","target":["https:\/\/asesoriaempresamadrid.es\/servicios\/"]}]},{"@type":"BreadcrumbList","@id":"https:\/\/asesoriaempresamadrid.es\/servicios\/#breadcrumb","itemListElement":[{"@type":"ListItem","position":1,"name":"Home","item":"https:\/\/asesoriaempresamadrid.es\/"},{"@type":"ListItem","position":2,"name":"Servicios"}]},{"@type":"WebSite","@id":"https:\/\/asesoriaempresamadrid.es\/#website","url":"https:\/\/asesoriaempresamadrid.es\/","name":"Torres \u00c1lvarez Asesores","description":"Asesor\u00eda para empresas","publisher":{"@id":"https:\/\/asesoriaempresamadrid.es\/#organization"},"potentialAction":[{"@type":"SearchAction","target":{"@type":"EntryPoint","urlTemplate":"https:\/\/asesoriaempresamadrid.es\/?s={search_term_string}"},"query-input":"required name=search_term_string"}],"inLanguage":"en-US"},{"@type":"Organization","@id":"https:\/\/asesoriaempresamadrid.es\/#organization","name":"Torres \u00c1lvarez Asesores","url":"https:\/\/asesoriaempresamadrid.es\/","logo":{"@type":"ImageObject","inLanguage":"en-US","@id":"https:\/\/asesoriaempresamadrid.es\/#\/schema\/logo\/image\/","url":"https:\/\/asesorempresas.auditecnic.es\/wp-content\/uploads\/2023\/07\/logo-torres-alvarez.png","contentUrl":"https:\/\/asesorempresas.auditecnic.es\/wp-content\/uploads\/2023\/07\/logo-torres-alvarez.png","width":1344,"height":368,"caption":"Torres \u00c1lvarez Asesores"},"image":{"@id":"https:\/\/asesoriaempresamadrid.es\/#\/schema\/logo\/image\/"}}]}},"_links":{"self":[{"href":"https:\/\/asesoriaempresamadrid.es\/en\/wp-json\/wp\/v2\/pages\/619"}],"collection":[{"href":"https:\/\/asesoriaempresamadrid.es\/en\/wp-json\/wp\/v2\/pages"}],"about":[{"href":"https:\/\/asesoriaempresamadrid.es\/en\/wp-json\/wp\/v2\/types\/page"}],"author":[{"embeddable":true,"href":"https:\/\/asesoriaempresamadrid.es\/en\/wp-json\/wp\/v2\/users\/3"}],"replies":[{"embeddable":true,"href":"https:\/\/asesoriaempresamadrid.es\/en\/wp-json\/wp\/v2\/comments?post=619"}],"version-history":[{"count":7,"href":"https:\/\/asesoriaempresamadrid.es\/en\/wp-json\/wp\/v2\/pages\/619\/revisions"}],"predecessor-version":[{"id":735,"href":"https:\/\/asesoriaempresamadrid.es\/en\/wp-json\/wp\/v2\/pages\/619\/revisions\/735"}],"wp:attachment":[{"href":"https:\/\/asesoriaempresamadrid.es\/en\/wp-json\/wp\/v2\/media?parent=619"}],"curies":[{"name":"wp","href":"https:\/\/api.w.org\/{rel}","templated":true}]}}