{"id":373,"date":"2022-01-27T15:28:12","date_gmt":"2022-01-27T15:28:12","guid":{"rendered":"http:\/\/friday.wetpaint.es\/?page_id=373"},"modified":"2023-07-18T09:32:03","modified_gmt":"2023-07-18T09:32:03","slug":"the-homepage","status":"publish","type":"page","link":"https:\/\/asesoriaempresamadrid.es\/en\/","title":{"rendered":"Business consultancy"},"content":{"rendered":"<p class=\"qtranxs-available-languages-message qtranxs-available-languages-message-en\">Sorry, this entry is only available in <a href=\"https:\/\/asesoriaempresamadrid.es\/es\/wp-json\/wp\/v2\/pages\/373\" class=\"qtranxs-available-language-link qtranxs-available-language-link-es\" title=\"Espa\u00f1ol\">European Spanish<\/a>.<\/p><p><\/p>\n<h2>Asesor\u00eda especializada para empresas<\/h2>\n<p>M\u00e1s de 40 a\u00f1os asesorando a empresas de los sectores estrat\u00e9gicos de la econom\u00eda espa\u00f1ola en las \u00e1reas contable, fiscal y laboral<\/p>\n<p><\/p>","protected":false},"excerpt":{"rendered":"Sorry, this entry is only available in European Spanish. Asesor\u00eda especializada para empresas M\u00e1s de 40 a\u00f1os asesorando a empresas de los sectores estrat\u00e9gicos de la econom\u00eda espa\u00f1ola en las \u00e1reas contable, fiscal y laboral","protected":false},"author":3,"featured_media":0,"parent":0,"menu_order":0,"comment_status":"closed","ping_status":"closed","template":"templates\/home.php","meta":{"inline_featured_image":false},"acf":{"display":"fullscreen","generic_slider":[{"image":510,"content":"<h2>Ink is the transcript of thought<\/h2>\r\nLorem ipsum dolor sit amet, consectetur adipiscing elit. Phasellus ultrices porttitor metus non vehiculaeget massa convallis egestas.","page_link":false,"link_button":null},{"image":511,"content":"<h3>Video background<\/h3>\r\nLorem ipsum dolor sit amet, consectetur adipiscing elit. Aenean quis mi vitae augue dapibus mollis.","page_link":true,"link_button":386},{"image":512,"content":"<h3>Featured Image + Text<\/h3>\r\nLorem ipsum dolor sit amet, consectetur adipiscing elit. Aenean quis mi vitae augue dapibus mollis.","page_link":true,"link_button":406}],"related_page":617,"related_page_text":"Sobre nosotros"},"yoast_head":"<!-- This site is optimized with the Yoast SEO plugin v20.11 - https:\/\/yoast.com\/wordpress\/plugins\/seo\/ -->\n<title>Torres \u00c1lvarez - Asesor\u00eda para empresas<\/title>\n<meta name=\"description\" content=\"M\u00e1s de 40 a\u00f1os asesorando a empresas de los sectores estrat\u00e9gicos de la econom\u00eda espa\u00f1ola en las \u00e1reas contable, fiscal y laboral\" \/>\n<meta name=\"robots\" content=\"index, follow, max-snippet:-1, max-image-preview:large, max-video-preview:-1\" \/>\n<link rel=\"canonical\" href=\"https:\/\/asesoriaempresamadrid.es\/\" \/>\n<meta property=\"og:locale\" content=\"en_US\" \/>\n<meta property=\"og:type\" content=\"article\" \/>\n<meta property=\"og:title\" content=\"Torres \u00c1lvarez - Asesor\u00eda para empresas\" \/>\n<meta property=\"og:description\" content=\"M\u00e1s de 40 a\u00f1os asesorando a empresas de los sectores estrat\u00e9gicos de la econom\u00eda espa\u00f1ola en las \u00e1reas contable, fiscal y laboral\" \/>\n<meta property=\"og:url\" content=\"https:\/\/asesoriaempresamadrid.es\/\" \/>\n<meta property=\"og:site_name\" content=\"Torres \u00c1lvarez\" \/>\n<meta property=\"article:modified_time\" content=\"2023-07-18T09:32:03+00:00\" \/>\n<meta name=\"twitter:card\" content=\"summary_large_image\" \/>\n<meta name=\"twitter:label1\" content=\"Est. reading time\" \/>\n\t<meta name=\"twitter:data1\" content=\"1 minute\" \/>\n<script type=\"application\/ld+json\" class=\"yoast-schema-graph\">{\"@context\":\"https:\/\/schema.org\",\"@graph\":[{\"@type\":\"WebPage\",\"@id\":\"https:\/\/asesoriaempresamadrid.es\/\",\"url\":\"https:\/\/asesoriaempresamadrid.es\/\",\"name\":\"Torres \u00c1lvarez - Asesor\u00eda para empresas\",\"isPartOf\":{\"@id\":\"https:\/\/asesoriaempresamadrid.es\/#website\"},\"datePublished\":\"2022-01-27T15:28:12+00:00\",\"dateModified\":\"2023-07-18T09:32:03+00:00\",\"description\":\"M\u00e1s de 40 a\u00f1os asesorando a empresas de los sectores estrat\u00e9gicos de la econom\u00eda espa\u00f1ola en las \u00e1reas contable, fiscal y laboral\",\"breadcrumb\":{\"@id\":\"https:\/\/asesoriaempresamadrid.es\/#breadcrumb\"},\"inLanguage\":\"en-US\",\"potentialAction\":[{\"@type\":\"ReadAction\",\"target\":[\"https:\/\/asesoriaempresamadrid.es\/\"]}]},{\"@type\":\"BreadcrumbList\",\"@id\":\"https:\/\/asesoriaempresamadrid.es\/#breadcrumb\",\"itemListElement\":[{\"@type\":\"ListItem\",\"position\":1,\"name\":\"Home\",\"item\":\"https:\/\/asesoriaempresamadrid.es\/\"},{\"@type\":\"ListItem\",\"position\":2,\"name\":\"Asesor\u00eda de empresas\"}]},{\"@type\":\"WebSite\",\"@id\":\"https:\/\/asesoriaempresamadrid.es\/#website\",\"url\":\"https:\/\/asesoriaempresamadrid.es\/\",\"name\":\"Torres \u00c1lvarez Asesores\",\"description\":\"Asesor\u00eda para empresas\",\"publisher\":{\"@id\":\"https:\/\/asesoriaempresamadrid.es\/#organization\"},\"potentialAction\":[{\"@type\":\"SearchAction\",\"target\":{\"@type\":\"EntryPoint\",\"urlTemplate\":\"https:\/\/asesoriaempresamadrid.es\/?s={search_term_string}\"},\"query-input\":\"required name=search_term_string\"}],\"inLanguage\":\"en-US\"},{\"@type\":\"Organization\",\"@id\":\"https:\/\/asesoriaempresamadrid.es\/#organization\",\"name\":\"Torres \u00c1lvarez Asesores\",\"url\":\"https:\/\/asesoriaempresamadrid.es\/\",\"logo\":{\"@type\":\"ImageObject\",\"inLanguage\":\"en-US\",\"@id\":\"https:\/\/asesoriaempresamadrid.es\/#\/schema\/logo\/image\/\",\"url\":\"https:\/\/asesorempresas.auditecnic.es\/wp-content\/uploads\/2023\/07\/logo-torres-alvarez.png\",\"contentUrl\":\"https:\/\/asesorempresas.auditecnic.es\/wp-content\/uploads\/2023\/07\/logo-torres-alvarez.png\",\"width\":1344,\"height\":368,\"caption\":\"Torres \u00c1lvarez Asesores\"},\"image\":{\"@id\":\"https:\/\/asesoriaempresamadrid.es\/#\/schema\/logo\/image\/\"}}]}<\/script>\n<!-- \/ Yoast SEO plugin. -->","yoast_head_json":{"title":"Torres \u00c1lvarez - Asesor\u00eda para empresas","description":"M\u00e1s de 40 a\u00f1os asesorando a empresas de los sectores estrat\u00e9gicos de la econom\u00eda espa\u00f1ola en las \u00e1reas contable, fiscal y laboral","robots":{"index":"index","follow":"follow","max-snippet":"max-snippet:-1","max-image-preview":"max-image-preview:large","max-video-preview":"max-video-preview:-1"},"canonical":"https:\/\/asesoriaempresamadrid.es\/","og_locale":"en_US","og_type":"article","og_title":"Torres \u00c1lvarez - Asesor\u00eda para empresas","og_description":"M\u00e1s de 40 a\u00f1os asesorando a empresas de los sectores estrat\u00e9gicos de la econom\u00eda espa\u00f1ola en las \u00e1reas contable, fiscal y laboral","og_url":"https:\/\/asesoriaempresamadrid.es\/","og_site_name":"Torres \u00c1lvarez","article_modified_time":"2023-07-18T09:32:03+00:00","twitter_card":"summary_large_image","twitter_misc":{"Est. reading time":"1 minute"},"schema":{"@context":"https:\/\/schema.org","@graph":[{"@type":"WebPage","@id":"https:\/\/asesoriaempresamadrid.es\/","url":"https:\/\/asesoriaempresamadrid.es\/","name":"Torres \u00c1lvarez - Asesor\u00eda para empresas","isPartOf":{"@id":"https:\/\/asesoriaempresamadrid.es\/#website"},"datePublished":"2022-01-27T15:28:12+00:00","dateModified":"2023-07-18T09:32:03+00:00","description":"M\u00e1s de 40 a\u00f1os asesorando a empresas de los sectores estrat\u00e9gicos de la econom\u00eda espa\u00f1ola en las \u00e1reas contable, fiscal y laboral","breadcrumb":{"@id":"https:\/\/asesoriaempresamadrid.es\/#breadcrumb"},"inLanguage":"en-US","potentialAction":[{"@type":"ReadAction","target":["https:\/\/asesoriaempresamadrid.es\/"]}]},{"@type":"BreadcrumbList","@id":"https:\/\/asesoriaempresamadrid.es\/#breadcrumb","itemListElement":[{"@type":"ListItem","position":1,"name":"Home","item":"https:\/\/asesoriaempresamadrid.es\/"},{"@type":"ListItem","position":2,"name":"Asesor\u00eda de empresas"}]},{"@type":"WebSite","@id":"https:\/\/asesoriaempresamadrid.es\/#website","url":"https:\/\/asesoriaempresamadrid.es\/","name":"Torres \u00c1lvarez Asesores","description":"Asesor\u00eda para empresas","publisher":{"@id":"https:\/\/asesoriaempresamadrid.es\/#organization"},"potentialAction":[{"@type":"SearchAction","target":{"@type":"EntryPoint","urlTemplate":"https:\/\/asesoriaempresamadrid.es\/?s={search_term_string}"},"query-input":"required name=search_term_string"}],"inLanguage":"en-US"},{"@type":"Organization","@id":"https:\/\/asesoriaempresamadrid.es\/#organization","name":"Torres \u00c1lvarez Asesores","url":"https:\/\/asesoriaempresamadrid.es\/","logo":{"@type":"ImageObject","inLanguage":"en-US","@id":"https:\/\/asesoriaempresamadrid.es\/#\/schema\/logo\/image\/","url":"https:\/\/asesorempresas.auditecnic.es\/wp-content\/uploads\/2023\/07\/logo-torres-alvarez.png","contentUrl":"https:\/\/asesorempresas.auditecnic.es\/wp-content\/uploads\/2023\/07\/logo-torres-alvarez.png","width":1344,"height":368,"caption":"Torres \u00c1lvarez Asesores"},"image":{"@id":"https:\/\/asesoriaempresamadrid.es\/#\/schema\/logo\/image\/"}}]}},"_links":{"self":[{"href":"https:\/\/asesoriaempresamadrid.es\/en\/wp-json\/wp\/v2\/pages\/373"}],"collection":[{"href":"https:\/\/asesoriaempresamadrid.es\/en\/wp-json\/wp\/v2\/pages"}],"about":[{"href":"https:\/\/asesoriaempresamadrid.es\/en\/wp-json\/wp\/v2\/types\/page"}],"author":[{"embeddable":true,"href":"https:\/\/asesoriaempresamadrid.es\/en\/wp-json\/wp\/v2\/users\/3"}],"replies":[{"embeddable":true,"href":"https:\/\/asesoriaempresamadrid.es\/en\/wp-json\/wp\/v2\/comments?post=373"}],"version-history":[{"count":119,"href":"https:\/\/asesoriaempresamadrid.es\/en\/wp-json\/wp\/v2\/pages\/373\/revisions"}],"predecessor-version":[{"id":732,"href":"https:\/\/asesoriaempresamadrid.es\/en\/wp-json\/wp\/v2\/pages\/373\/revisions\/732"}],"acf:post":[{"embeddable":true,"href":"https:\/\/asesoriaempresamadrid.es\/en\/wp-json\/wp\/v2\/pages\/617"}],"wp:attachment":[{"href":"https:\/\/asesoriaempresamadrid.es\/en\/wp-json\/wp\/v2\/media?parent=373"}],"curies":[{"name":"wp","href":"https:\/\/api.w.org\/{rel}","templated":true}]}}